{"id":2273,"date":"2024-09-06T12:26:14","date_gmt":"2024-09-06T16:26:14","guid":{"rendered":"https:\/\/rhesus.net\/it-strategy-planning-and-support\/"},"modified":"2024-10-23T15:38:47","modified_gmt":"2024-10-23T19:38:47","slug":"it-strategy-planning-and-support","status":"publish","type":"page","link":"https:\/\/rhesus.net\/en\/it-strategy-planning-and-support\/","title":{"rendered":"IT Strategy"},"content":{"rendered":"\t\t<div data-elementor-type=\"wp-page\" data-elementor-id=\"2273\" class=\"elementor elementor-2273 elementor-83\" data-elementor-post-type=\"page\">\n\t\t\t\t<div class=\"elementor-element elementor-element-18580cb e-flex e-con-boxed e-con e-parent\" data-id=\"18580cb\" data-element_type=\"container\" data-e-type=\"container\" data-settings=\"{&quot;background_background&quot;:&quot;classic&quot;,&quot;jet_parallax_layout_list&quot;:[]}\">\n\t\t\t\t\t<div class=\"e-con-inner\">\n\t\t<div class=\"elementor-element elementor-element-7153d9e e-con-full padding0 e-flex e-con e-child\" data-id=\"7153d9e\" data-element_type=\"container\" data-e-type=\"container\" data-settings=\"{&quot;jet_parallax_layout_list&quot;:[]}\">\n\t\t<div class=\"elementor-element elementor-element-ab19b19 e-con-full padding0 e-flex e-con e-child\" data-id=\"ab19b19\" data-element_type=\"container\" data-e-type=\"container\" data-settings=\"{&quot;jet_parallax_layout_list&quot;:[]}\">\n\t\t\t\t<div class=\"elementor-element elementor-element-c68fc2c link-effect elementor-widget elementor-widget-text-editor\" data-id=\"c68fc2c\" data-element_type=\"widget\" data-e-type=\"widget\" data-widget_type=\"text-editor.default\">\n\t\t\t\t<div class=\"elementor-widget-container\">\n\t\t\t\t\t\t\t\t\t<p>Our expertise at your service<\/p>\n\t\t\t\t\t\t\t\t<\/div>\n\t\t\t\t<\/div>\n\t\t\t\t<div class=\"elementor-element elementor-element-bcf050a elementor-widget elementor-widget-heading\" data-id=\"bcf050a\" data-element_type=\"widget\" data-e-type=\"widget\" data-widget_type=\"heading.default\">\n\t\t\t\t<div class=\"elementor-widget-container\">\n\t\t\t\t\t<h2 class=\"elementor-heading-title elementor-size-default\">Why Choose Our IT Strategy Services<\/h2>\t\t\t\t<\/div>\n\t\t\t\t<\/div>\n\t\t\t\t<\/div>\n\t\t<div class=\"elementor-element elementor-element-33ec68d e-con-full e-grid padding0 e-con e-child\" data-id=\"33ec68d\" data-element_type=\"container\" data-e-type=\"container\" data-settings=\"{&quot;jet_parallax_layout_list&quot;:[]}\">\n\t\t\t\t<div class=\"elementor-element elementor-element-8cf0b77 link-effect elementor-widget elementor-widget-text-editor\" data-id=\"8cf0b77\" data-element_type=\"widget\" data-e-type=\"widget\" data-widget_type=\"text-editor.default\">\n\t\t\t\t<div class=\"elementor-widget-container\">\n\t\t\t\t\t\t\t\t\t<p><span class=\"blumine500 overline\">Personalized Advice<\/span><br \/>\nOur IT strategies strengthen the continuity and depth of our services, thereby enriching our expertise. They play a crucial role in improving performance, security, and collaboration through the development of master plans for tailored support in compliance and security, in the short, medium, and long term.<\/p>\n\t\t\t\t\t\t\t\t<\/div>\n\t\t\t\t<\/div>\n\t\t\t\t<div class=\"elementor-element elementor-element-d0ad1c4 link-effect elementor-widget elementor-widget-text-editor\" data-id=\"d0ad1c4\" data-element_type=\"widget\" data-e-type=\"widget\" data-widget_type=\"text-editor.default\">\n\t\t\t\t<div class=\"elementor-widget-container\">\n\t\t\t\t\t\t\t\t\t<p><span class=\"blumine500 overline\">Technical Support<\/span><br \/>\nWe also work on IT standardization and optimization to increase operational efficiency, offering audits, roadmap development, and business continuity plans.<\/p>\n\t\t\t\t\t\t\t\t<\/div>\n\t\t\t\t<\/div>\n\t\t\t\t<div class=\"elementor-element elementor-element-8707ae6 link-effect elementor-widget elementor-widget-text-editor\" data-id=\"8707ae6\" data-element_type=\"widget\" data-e-type=\"widget\" data-widget_type=\"text-editor.default\">\n\t\t\t\t<div class=\"elementor-widget-container\">\n\t\t\t\t\t\t\t\t\t<p><span class=\"blumine500 overline\">Value-Added Services<\/span><br \/>\nFinally, we meet the specific technological requirements of each organization by conducting needs assessments and offering cybersecurity and crisis management solutions.<\/p>\n\t\t\t\t\t\t\t\t<\/div>\n\t\t\t\t<\/div>\n\t\t\t\t<div class=\"elementor-element elementor-element-95a7c67 link-effect elementor-widget elementor-widget-text-editor\" data-id=\"95a7c67\" data-element_type=\"widget\" data-e-type=\"widget\" data-widget_type=\"text-editor.default\">\n\t\t\t\t<div class=\"elementor-widget-container\">\n\t\t\t\t\t\t\t\t\t<p><span class=\"blumine500 overline\">Guidance<\/span><br \/>\nThese strategies are essential to ensure constant technological evolution and to meet the growing needs of organizations, especially in the current context marked by the emergence of artificial intelligence and cybersecurity challenges.<\/p>\n\t\t\t\t\t\t\t\t<\/div>\n\t\t\t\t<\/div>\n\t\t\t\t<\/div>\n\t\t\t\t<\/div>\n\t\t<div class=\"elementor-element elementor-element-74738bd e-con-full e-grid padding0 e-con e-child\" data-id=\"74738bd\" data-element_type=\"container\" data-e-type=\"container\" data-settings=\"{&quot;jet_parallax_layout_list&quot;:[]}\">\n\t\t\t\t<div class=\"elementor-element elementor-element-3d2c1d3 elementor-position-inline-start anim-swipe elementor-mobile-position-inline-start elementor-widget-tablet__width-inherit elementor-view-default elementor-widget elementor-widget-icon-box\" data-id=\"3d2c1d3\" data-element_type=\"widget\" data-e-type=\"widget\" data-widget_type=\"icon-box.default\">\n\t\t\t\t<div class=\"elementor-widget-container\">\n\t\t\t\t\t\t\t<div class=\"elementor-icon-box-wrapper\">\n\n\t\t\t\t\t\t<div class=\"elementor-icon-box-icon\">\n\t\t\t\t<a href=\"https:\/\/rhesus.net\/strategies-ti\/consultation-ti-expertise-conseil\/\" class=\"elementor-icon\" tabindex=\"-1\" aria-label=\"IT Consultation and Expert Advisory Services\">\n\t\t\t\t<svg aria-hidden=\"true\" class=\"e-font-icon-svg e-fas-plus\" viewBox=\"0 0 448 512\" xmlns=\"http:\/\/www.w3.org\/2000\/svg\"><path d=\"M416 208H272V64c0-17.67-14.33-32-32-32h-32c-17.67 0-32 14.33-32 32v144H32c-17.67 0-32 14.33-32 32v32c0 17.67 14.33 32 32 32h144v144c0 17.67 14.33 32 32 32h32c17.67 0 32-14.33 32-32V304h144c17.67 0 32-14.33 32-32v-32c0-17.67-14.33-32-32-32z\"><\/path><\/svg>\t\t\t\t<\/a>\n\t\t\t<\/div>\n\t\t\t\n\t\t\t\t\t\t<div class=\"elementor-icon-box-content\">\n\n\t\t\t\t\t\t\t\t\t<span class=\"elementor-icon-box-title\">\n\t\t\t\t\t\t<a href=\"https:\/\/rhesus.net\/strategies-ti\/consultation-ti-expertise-conseil\/\" >\n\t\t\t\t\t\t\tIT Consultation and Expert Advisory Services\t\t\t\t\t\t<\/a>\n\t\t\t\t\t<\/span>\n\t\t\t\t\n\t\t\t\t\t\t\t\t\t<p class=\"elementor-icon-box-description\">\n\t\t\t\t\t\tLearn more\t\t\t\t\t<\/p>\n\t\t\t\t\n\t\t\t<\/div>\n\t\t\t\n\t\t<\/div>\n\t\t\t\t\t\t<\/div>\n\t\t\t\t<\/div>\n\t\t\t\t<div class=\"elementor-element elementor-element-38a433a elementor-position-inline-start anim-swipe elementor-mobile-position-inline-start elementor-widget-tablet__width-inherit elementor-view-default elementor-widget elementor-widget-icon-box\" data-id=\"38a433a\" data-element_type=\"widget\" data-e-type=\"widget\" data-widget_type=\"icon-box.default\">\n\t\t\t\t<div class=\"elementor-widget-container\">\n\t\t\t\t\t\t\t<div class=\"elementor-icon-box-wrapper\">\n\n\t\t\t\t\t\t<div class=\"elementor-icon-box-icon\">\n\t\t\t\t<a href=\"https:\/\/rhesus.net\/strategies-ti\/direction-projets\/\" class=\"elementor-icon\" tabindex=\"-1\" aria-label=\"Project Management Services\">\n\t\t\t\t<svg aria-hidden=\"true\" class=\"e-font-icon-svg e-fas-plus\" viewBox=\"0 0 448 512\" xmlns=\"http:\/\/www.w3.org\/2000\/svg\"><path d=\"M416 208H272V64c0-17.67-14.33-32-32-32h-32c-17.67 0-32 14.33-32 32v144H32c-17.67 0-32 14.33-32 32v32c0 17.67 14.33 32 32 32h144v144c0 17.67 14.33 32 32 32h32c17.67 0 32-14.33 32-32V304h144c17.67 0 32-14.33 32-32v-32c0-17.67-14.33-32-32-32z\"><\/path><\/svg>\t\t\t\t<\/a>\n\t\t\t<\/div>\n\t\t\t\n\t\t\t\t\t\t<div class=\"elementor-icon-box-content\">\n\n\t\t\t\t\t\t\t\t\t<span class=\"elementor-icon-box-title\">\n\t\t\t\t\t\t<a href=\"https:\/\/rhesus.net\/strategies-ti\/direction-projets\/\" >\n\t\t\t\t\t\t\tProject Management Services\t\t\t\t\t\t<\/a>\n\t\t\t\t\t<\/span>\n\t\t\t\t\n\t\t\t\t\t\t\t\t\t<p class=\"elementor-icon-box-description\">\n\t\t\t\t\t\tLearn more\t\t\t\t\t<\/p>\n\t\t\t\t\n\t\t\t<\/div>\n\t\t\t\n\t\t<\/div>\n\t\t\t\t\t\t<\/div>\n\t\t\t\t<\/div>\n\t\t\t\t<div class=\"elementor-element elementor-element-eab6817 elementor-position-inline-start anim-swipe minh120 elementor-mobile-position-inline-start elementor-widget-tablet__width-inherit elementor-view-default elementor-widget elementor-widget-icon-box\" data-id=\"eab6817\" data-element_type=\"widget\" data-e-type=\"widget\" data-widget_type=\"icon-box.default\">\n\t\t\t\t<div class=\"elementor-widget-container\">\n\t\t\t\t\t\t\t<div class=\"elementor-icon-box-wrapper\">\n\n\t\t\t\t\t\t<div class=\"elementor-icon-box-icon\">\n\t\t\t\t<a href=\"https:\/\/rhesus.net\/strategies-ti\/conformite-loi-25\/\" class=\"elementor-icon\" tabindex=\"-1\" aria-label=\"Law 25 Compliance Support\">\n\t\t\t\t<svg aria-hidden=\"true\" class=\"e-font-icon-svg e-fas-plus\" viewBox=\"0 0 448 512\" xmlns=\"http:\/\/www.w3.org\/2000\/svg\"><path d=\"M416 208H272V64c0-17.67-14.33-32-32-32h-32c-17.67 0-32 14.33-32 32v144H32c-17.67 0-32 14.33-32 32v32c0 17.67 14.33 32 32 32h144v144c0 17.67 14.33 32 32 32h32c17.67 0 32-14.33 32-32V304h144c17.67 0 32-14.33 32-32v-32c0-17.67-14.33-32-32-32z\"><\/path><\/svg>\t\t\t\t<\/a>\n\t\t\t<\/div>\n\t\t\t\n\t\t\t\t\t\t<div class=\"elementor-icon-box-content\">\n\n\t\t\t\t\t\t\t\t\t<span class=\"elementor-icon-box-title\">\n\t\t\t\t\t\t<a href=\"https:\/\/rhesus.net\/strategies-ti\/conformite-loi-25\/\" >\n\t\t\t\t\t\t\tLaw 25 Compliance Support\t\t\t\t\t\t<\/a>\n\t\t\t\t\t<\/span>\n\t\t\t\t\n\t\t\t\t\t\t\t\t\t<p class=\"elementor-icon-box-description\">\n\t\t\t\t\t\tLearn more\t\t\t\t\t<\/p>\n\t\t\t\t\n\t\t\t<\/div>\n\t\t\t\n\t\t<\/div>\n\t\t\t\t\t\t<\/div>\n\t\t\t\t<\/div>\n\t\t\t\t<\/div>\n\t\t\t\t\t<\/div>\n\t\t\t\t<\/div>\n\t\t<div class=\"elementor-element elementor-element-0ff340a e-con-full padding0 e-flex e-con e-parent\" data-id=\"0ff340a\" data-element_type=\"container\" data-e-type=\"container\" data-settings=\"{&quot;jet_parallax_layout_list&quot;:[]}\">\n\t\t\t\t<div class=\"elementor-element elementor-element-f7db688 elementor-widget elementor-widget-template\" data-id=\"f7db688\" data-element_type=\"widget\" data-e-type=\"widget\" data-widget_type=\"template.default\">\n\t\t\t\t<div class=\"elementor-widget-container\">\n\t\t\t\t\t\t\t<div class=\"elementor-template\">\n\t\t\t\t\t<div data-elementor-type=\"container\" data-elementor-id=\"2239\" class=\"elementor elementor-2239 elementor-806 elementor-806\" data-elementor-post-type=\"elementor_library\">\n\t\t\t\t<div class=\"elementor-element elementor-element-50d85380 e-flex e-con-boxed e-con e-parent\" data-id=\"50d85380\" data-element_type=\"container\" data-e-type=\"container\" data-settings=\"{&quot;background_background&quot;:&quot;classic&quot;,&quot;jet_parallax_layout_list&quot;:[]}\">\n\t\t\t\t\t<div class=\"e-con-inner\">\n\t\t<div class=\"elementor-element elementor-element-7aaef75b e-con-full e-flex e-con e-child\" data-id=\"7aaef75b\" data-element_type=\"container\" data-e-type=\"container\" data-settings=\"{&quot;jet_parallax_layout_list&quot;:[]}\">\n\t\t\t\t<div class=\"elementor-element elementor-element-d17c1ea elementor-widget elementor-widget-text-editor\" data-id=\"d17c1ea\" data-element_type=\"widget\" data-e-type=\"widget\" data-widget_type=\"text-editor.default\">\n\t\t\t\t<div class=\"elementor-widget-container\">\n\t\t\t\t\t\t\t\t\t<span class=\"overline blumine000 overline\">A Growing Company<\/span>\r\n<h2 class=\"or100 title-40\">Start Your Preventive Management Now<\/h2>\t\t\t\t\t\t\t\t<\/div>\n\t\t\t\t<\/div>\n\t\t\t\t<\/div>\n\t\t<div class=\"elementor-element elementor-element-2478cad1 e-con-full e-flex e-con e-child\" data-id=\"2478cad1\" data-element_type=\"container\" data-e-type=\"container\" data-settings=\"{&quot;background_background&quot;:&quot;classic&quot;,&quot;jet_parallax_layout_list&quot;:[]}\">\n\t\t\t\t<div class=\"elementor-element elementor-element-1b39923e btn-aware elementor-widget elementor-widget-button\" data-id=\"1b39923e\" data-element_type=\"widget\" data-e-type=\"widget\" data-widget_type=\"button.default\">\n\t\t\t\t<div class=\"elementor-widget-container\">\n\t\t\t\t\t\t\t\t\t<div class=\"elementor-button-wrapper\">\n\t\t\t\t\t<a class=\"elementor-button elementor-button-link elementor-size-sm\" href=\"https:\/\/rhesus.net\/en\/contact\/\">\n\t\t\t\t\t\t<span class=\"elementor-button-content-wrapper\">\n\t\t\t\t\t\t<span class=\"elementor-button-icon\">\n\t\t\t\t<svg aria-hidden=\"true\" class=\"e-font-icon-svg e-fas-plus\" viewBox=\"0 0 448 512\" xmlns=\"http:\/\/www.w3.org\/2000\/svg\"><path d=\"M416 208H272V64c0-17.67-14.33-32-32-32h-32c-17.67 0-32 14.33-32 32v144H32c-17.67 0-32 14.33-32 32v32c0 17.67 14.33 32 32 32h144v144c0 17.67 14.33 32 32 32h32c17.67 0 32-14.33 32-32V304h144c17.67 0 32-14.33 32-32v-32c0-17.67-14.33-32-32-32z\"><\/path><\/svg>\t\t\t<\/span>\n\t\t\t\t\t\t\t\t\t<span class=\"elementor-button-text\">Let's work together<\/span>\n\t\t\t\t\t<\/span>\n\t\t\t\t\t<\/a>\n\t\t\t\t<\/div>\n\t\t\t\t\t\t\t\t<\/div>\n\t\t\t\t<\/div>\n\t\t\t\t<\/div>\n\t\t\t\t\t<\/div>\n\t\t\t\t<\/div>\n\t\t\t\t<\/div>\n\t\t\t\t<\/div>\n\t\t\t\t\t\t<\/div>\n\t\t\t\t<\/div>\n\t\t\t\t<\/div>\n\t\t\t\t<\/div>\n\t\t","protected":false},"excerpt":{"rendered":"<p>Our expertise at your service Why Choose Our IT Strategy Services Personalized Advice Our IT strategies strengthen the continuity and depth of our services, thereby enriching our expertise. They play a crucial role in improving performance, security, and collaboration through the development of master plans for tailored support in compliance and security, in the short, [&hellip;]<\/p>\n","protected":false},"author":1,"featured_media":2117,"parent":0,"menu_order":0,"comment_status":"closed","ping_status":"closed","template":"","meta":{"footnotes":""},"class_list":["post-2273","page","type-page","status-publish","has-post-thumbnail","hentry"],"yoast_head":"<!-- This site is optimized with the Yoast SEO plugin v27.5 - https:\/\/yoast.com\/product\/yoast-seo-wordpress\/ -->\n<title>IT Strategy Planning and Support | Rhesus<\/title>\n<meta name=\"description\" content=\"Find out how our IT strategies can help you align your technologies with your business objectives.\" \/>\n<meta name=\"robots\" content=\"index, follow, max-snippet:-1, max-image-preview:large, max-video-preview:-1\" \/>\n<link rel=\"canonical\" href=\"https:\/\/rhesus.net\/en\/it-strategy-planning-and-support\/\" \/>\n<meta property=\"og:locale\" content=\"en_US\" \/>\n<meta property=\"og:type\" content=\"article\" \/>\n<meta property=\"og:title\" content=\"IT Strategy Planning and Support | Rhesus\" \/>\n<meta property=\"og:description\" content=\"Find out how our IT strategies can help you align your technologies with your business objectives.\" \/>\n<meta property=\"og:url\" content=\"https:\/\/rhesus.net\/en\/it-strategy-planning-and-support\/\" \/>\n<meta property=\"og:site_name\" content=\"RHESUS\" \/>\n<meta property=\"article:publisher\" content=\"https:\/\/www.facebook.com\/RhesusInc\/?fref=ts\" \/>\n<meta property=\"article:modified_time\" content=\"2024-10-23T19:38:47+00:00\" \/>\n<meta property=\"og:image\" content=\"https:\/\/rhesus.net\/wp-content\/uploads\/2024\/09\/rhesus-image26.webp\" \/>\n\t<meta property=\"og:image:width\" content=\"1920\" \/>\n\t<meta property=\"og:image:height\" content=\"1280\" \/>\n\t<meta property=\"og:image:type\" content=\"image\/webp\" \/>\n<meta name=\"twitter:card\" content=\"summary_large_image\" \/>\n<meta name=\"twitter:label1\" content=\"Est. reading time\" \/>\n\t<meta name=\"twitter:data1\" content=\"1 minute\" \/>\n<script type=\"application\/ld+json\" class=\"yoast-schema-graph\">{\"@context\":\"https:\\\/\\\/schema.org\",\"@graph\":[{\"@type\":\"WebPage\",\"@id\":\"https:\\\/\\\/rhesus.net\\\/en\\\/it-strategy-planning-and-support\\\/\",\"url\":\"https:\\\/\\\/rhesus.net\\\/en\\\/it-strategy-planning-and-support\\\/\",\"name\":\"IT Strategy Planning and Support | Rhesus\",\"isPartOf\":{\"@id\":\"https:\\\/\\\/rhesus.net\\\/en\\\/#website\"},\"primaryImageOfPage\":{\"@id\":\"https:\\\/\\\/rhesus.net\\\/en\\\/it-strategy-planning-and-support\\\/#primaryimage\"},\"image\":{\"@id\":\"https:\\\/\\\/rhesus.net\\\/en\\\/it-strategy-planning-and-support\\\/#primaryimage\"},\"thumbnailUrl\":\"https:\\\/\\\/rhesus.net\\\/wp-content\\\/uploads\\\/2024\\\/09\\\/rhesus-image26.webp\",\"datePublished\":\"2024-09-06T16:26:14+00:00\",\"dateModified\":\"2024-10-23T19:38:47+00:00\",\"description\":\"Find out how our IT strategies can help you align your technologies with your business objectives.\",\"inLanguage\":\"en-US\",\"potentialAction\":[{\"@type\":\"ReadAction\",\"target\":[\"https:\\\/\\\/rhesus.net\\\/en\\\/it-strategy-planning-and-support\\\/\"]}]},{\"@type\":\"ImageObject\",\"inLanguage\":\"en-US\",\"@id\":\"https:\\\/\\\/rhesus.net\\\/en\\\/it-strategy-planning-and-support\\\/#primaryimage\",\"url\":\"https:\\\/\\\/rhesus.net\\\/wp-content\\\/uploads\\\/2024\\\/09\\\/rhesus-image26.webp\",\"contentUrl\":\"https:\\\/\\\/rhesus.net\\\/wp-content\\\/uploads\\\/2024\\\/09\\\/rhesus-image26.webp\",\"width\":1920,\"height\":1280,\"caption\":\"Un repr\u00e9sentant informatique parle au t\u00e9l\u00e9phone\"},{\"@type\":\"WebSite\",\"@id\":\"https:\\\/\\\/rhesus.net\\\/en\\\/#website\",\"url\":\"https:\\\/\\\/rhesus.net\\\/en\\\/\",\"name\":\"Rhesus \u2013 Votre partenaire en technologies de l'information\",\"description\":\"\",\"publisher\":{\"@id\":\"https:\\\/\\\/rhesus.net\\\/en\\\/#organization\"},\"potentialAction\":[{\"@type\":\"SearchAction\",\"target\":{\"@type\":\"EntryPoint\",\"urlTemplate\":\"https:\\\/\\\/rhesus.net\\\/en\\\/?s={search_term_string}\"},\"query-input\":{\"@type\":\"PropertyValueSpecification\",\"valueRequired\":true,\"valueName\":\"search_term_string\"}}],\"inLanguage\":\"en-US\"}]}<\/script>\n<!-- \/ Yoast SEO plugin. -->","yoast_head_json":{"title":"IT Strategy Planning and Support | Rhesus","description":"Find out how our IT strategies can help you align your technologies with your business objectives.","robots":{"index":"index","follow":"follow","max-snippet":"max-snippet:-1","max-image-preview":"max-image-preview:large","max-video-preview":"max-video-preview:-1"},"canonical":"https:\/\/rhesus.net\/en\/it-strategy-planning-and-support\/","og_locale":"en_US","og_type":"article","og_title":"IT Strategy Planning and Support | Rhesus","og_description":"Find out how our IT strategies can help you align your technologies with your business objectives.","og_url":"https:\/\/rhesus.net\/en\/it-strategy-planning-and-support\/","og_site_name":"RHESUS","article_publisher":"https:\/\/www.facebook.com\/RhesusInc\/?fref=ts","article_modified_time":"2024-10-23T19:38:47+00:00","og_image":[{"width":1920,"height":1280,"url":"https:\/\/rhesus.net\/wp-content\/uploads\/2024\/09\/rhesus-image26.webp","type":"image\/webp"}],"twitter_card":"summary_large_image","twitter_misc":{"Est. reading time":"1 minute"},"schema":{"@context":"https:\/\/schema.org","@graph":[{"@type":"WebPage","@id":"https:\/\/rhesus.net\/en\/it-strategy-planning-and-support\/","url":"https:\/\/rhesus.net\/en\/it-strategy-planning-and-support\/","name":"IT Strategy Planning and Support | Rhesus","isPartOf":{"@id":"https:\/\/rhesus.net\/en\/#website"},"primaryImageOfPage":{"@id":"https:\/\/rhesus.net\/en\/it-strategy-planning-and-support\/#primaryimage"},"image":{"@id":"https:\/\/rhesus.net\/en\/it-strategy-planning-and-support\/#primaryimage"},"thumbnailUrl":"https:\/\/rhesus.net\/wp-content\/uploads\/2024\/09\/rhesus-image26.webp","datePublished":"2024-09-06T16:26:14+00:00","dateModified":"2024-10-23T19:38:47+00:00","description":"Find out how our IT strategies can help you align your technologies with your business objectives.","inLanguage":"en-US","potentialAction":[{"@type":"ReadAction","target":["https:\/\/rhesus.net\/en\/it-strategy-planning-and-support\/"]}]},{"@type":"ImageObject","inLanguage":"en-US","@id":"https:\/\/rhesus.net\/en\/it-strategy-planning-and-support\/#primaryimage","url":"https:\/\/rhesus.net\/wp-content\/uploads\/2024\/09\/rhesus-image26.webp","contentUrl":"https:\/\/rhesus.net\/wp-content\/uploads\/2024\/09\/rhesus-image26.webp","width":1920,"height":1280,"caption":"Un repr\u00e9sentant informatique parle au t\u00e9l\u00e9phone"},{"@type":"WebSite","@id":"https:\/\/rhesus.net\/en\/#website","url":"https:\/\/rhesus.net\/en\/","name":"Rhesus \u2013 Votre partenaire en technologies de l'information","description":"","publisher":{"@id":"https:\/\/rhesus.net\/en\/#organization"},"potentialAction":[{"@type":"SearchAction","target":{"@type":"EntryPoint","urlTemplate":"https:\/\/rhesus.net\/en\/?s={search_term_string}"},"query-input":{"@type":"PropertyValueSpecification","valueRequired":true,"valueName":"search_term_string"}}],"inLanguage":"en-US"}]}},"_links":{"self":[{"href":"https:\/\/rhesus.net\/en\/wp-json\/wp\/v2\/pages\/2273","targetHints":{"allow":["GET"]}}],"collection":[{"href":"https:\/\/rhesus.net\/en\/wp-json\/wp\/v2\/pages"}],"about":[{"href":"https:\/\/rhesus.net\/en\/wp-json\/wp\/v2\/types\/page"}],"author":[{"embeddable":true,"href":"https:\/\/rhesus.net\/en\/wp-json\/wp\/v2\/users\/1"}],"replies":[{"embeddable":true,"href":"https:\/\/rhesus.net\/en\/wp-json\/wp\/v2\/comments?post=2273"}],"version-history":[{"count":1,"href":"https:\/\/rhesus.net\/en\/wp-json\/wp\/v2\/pages\/2273\/revisions"}],"predecessor-version":[{"id":3275,"href":"https:\/\/rhesus.net\/en\/wp-json\/wp\/v2\/pages\/2273\/revisions\/3275"}],"wp:featuredmedia":[{"embeddable":true,"href":"https:\/\/rhesus.net\/en\/wp-json\/wp\/v2\/media\/2117"}],"wp:attachment":[{"href":"https:\/\/rhesus.net\/en\/wp-json\/wp\/v2\/media?parent=2273"}],"curies":[{"name":"wp","href":"https:\/\/api.w.org\/{rel}","templated":true}]}}